{"id":12229,"date":"2026-02-20T13:32:55","date_gmt":"2026-02-20T12:32:55","guid":{"rendered":"https:\/\/www.pramottonmobili.it\/showroom\/"},"modified":"2026-02-23T09:57:25","modified_gmt":"2026-02-23T08:57:25","slug":"showroom","status":"publish","type":"page","link":"https:\/\/www.pramottonmobili.it\/fr\/showroom\/","title":{"rendered":"Showroom"},"content":{"rendered":"<p>Le showroom de <strong>Pramotton Mobili<\/strong> se pr\u00e9sente aujourd'hui enti\u00e8rement r\u00e9nov\u00e9 : un espace moderne, accueillant et con\u00e7u pour offrir une exp\u00e9rience immersive dans le monde de l'ameublement.<\/p>\n<p>Nous avons repens\u00e9 chaque espace pour permettre \u00e0 nos clients de toucher du doigt les mat\u00e9riaux, les finitions et les solutions d'ameublement, dans un parcours d'exposition clair et inspirant. Cuisines, salons, chambres, solutions sur mesure et compl\u00e9ments d'ameublement trouvent un nouvel \u00e9clat dans un contexte \u00e9l\u00e9gant et fonctionnel, o\u00f9 design et qualit\u00e9 se rencontrent.<\/p>\n<p>Le nouveau showroom n'est pas seulement un espace d'exposition, mais aussi un lieu de conseil et de conception : un environnement o\u00f9 les id\u00e9es prennent forme gr\u00e2ce au soutien de notre \u00e9quipe, qui accompagne chaque client depuis le choix des mat\u00e9riaux jusqu'\u00e0 la r\u00e9alisation finale.<\/p>\n<p>Nous vous attendons pour d\u00e9couvrir la nouvelle fa\u00e7on de vivre l'ameublement sign\u00e9 Pramotton Mobili.<\/p>\n","protected":false},"excerpt":{"rendered":"<p>Le showroom de Pramotton Mobili se pr\u00e9sente aujourd'hui enti\u00e8rement r\u00e9nov\u00e9 : un espace moderne, accueillant et con\u00e7u pour offrir une exp\u00e9rience immersive dans le monde de l'ameublement. Nous avons repens\u00e9 chaque espace pour permettre \u00e0 nos clients de toucher du doigt les mat\u00e9riaux, les finitions et les solutions d'ameublement, dans un parcours d'exposition clair et [&hellip;]<\/p>\n","protected":false},"author":1,"featured_media":12169,"parent":0,"menu_order":6,"comment_status":"closed","ping_status":"closed","template":"","meta":{"_acf_changed":false,"footnotes":""},"class_list":["post-12229","page","type-page","status-publish","has-post-thumbnail","hentry"],"acf":[],"_links":{"self":[{"href":"https:\/\/www.pramottonmobili.it\/fr\/wp-json\/wp\/v2\/pages\/12229","targetHints":{"allow":["GET"]}}],"collection":[{"href":"https:\/\/www.pramottonmobili.it\/fr\/wp-json\/wp\/v2\/pages"}],"about":[{"href":"https:\/\/www.pramottonmobili.it\/fr\/wp-json\/wp\/v2\/types\/page"}],"author":[{"embeddable":true,"href":"https:\/\/www.pramottonmobili.it\/fr\/wp-json\/wp\/v2\/users\/1"}],"replies":[{"embeddable":true,"href":"https:\/\/www.pramottonmobili.it\/fr\/wp-json\/wp\/v2\/comments?post=12229"}],"version-history":[{"count":3,"href":"https:\/\/www.pramottonmobili.it\/fr\/wp-json\/wp\/v2\/pages\/12229\/revisions"}],"predecessor-version":[{"id":12235,"href":"https:\/\/www.pramottonmobili.it\/fr\/wp-json\/wp\/v2\/pages\/12229\/revisions\/12235"}],"wp:featuredmedia":[{"embeddable":true,"href":"https:\/\/www.pramottonmobili.it\/fr\/wp-json\/wp\/v2\/media\/12169"}],"wp:attachment":[{"href":"https:\/\/www.pramottonmobili.it\/fr\/wp-json\/wp\/v2\/media?parent=12229"}],"curies":[{"name":"wp","href":"https:\/\/api.w.org\/{rel}","templated":true}]}}